{"id":48717,"date":"2021-11-29T17:16:52","date_gmt":"2021-11-30T00:16:52","guid":{"rendered":"https:\/\/www.inmexico.com\/?page_id=48717"},"modified":"2022-09-22T10:51:22","modified_gmt":"2022-09-22T17:51:22","slug":"publicidad","status":"publish","type":"page","link":"http:\/\/54.148.48.30\/es\/publicidad\/","title":{"rendered":"Publicidad"},"content":{"rendered":"\n<figure class=\"wp-block-image size-large\"><img loading=\"lazy\" decoding=\"async\" width=\"1024\" height=\"298\" src=\"https:\/\/www.inmexico.com\/wp-content\/uploads\/2021\/11\/inmexico2022-1-1024x298.jpg\" alt=\"\" class=\"wp-image-48599\" srcset=\"http:\/\/images.inmexico.com\/2021\/11\/inmexico2022-1-1024x298.jpg 1024w, http:\/\/images.inmexico.com\/2021\/11\/inmexico2022-1-300x87.jpg 300w, http:\/\/images.inmexico.com\/2021\/11\/inmexico2022-1-768x223.jpg 768w, http:\/\/images.inmexico.com\/2021\/11\/inmexico2022-1-100x29.jpg 100w, http:\/\/images.inmexico.com\/2021\/11\/inmexico2022-1-864x251.jpg 864w, http:\/\/images.inmexico.com\/2021\/11\/inmexico2022-1-1200x349.jpg 1200w, http:\/\/images.inmexico.com\/2021\/11\/inmexico2022-1-450x131.jpg 450w, http:\/\/images.inmexico.com\/2021\/11\/inmexico2022-1.jpg 1500w\" sizes=\"auto, (max-width: 1024px) 100vw, 1024px\" \/><\/figure>\n\n\n\n<p>InMexico es la gu\u00eda m\u00e1s confiable y actualizada de lujo, viajes y estilo de vida en M\u00e9xico.<\/p>\n\n\n\n<p>Cada mes seleccionamos un destino novedoso y actual en M\u00e9xico para dedicar todo nuestro contenido (tanto redes sociales como el sitio). El contenido estar\u00e1 enfocado en su totalidad a promover gente relevante de la zona, los mejores restaurantes, la moda local, los hoteles m\u00e1s lujosos y las propiedades que representen una inversi\u00f3n en el \u00e1mbito inmobiliario, desde inmexico.com y desde @in.mexico (con m\u00e1s de 200,000 seguidores).&nbsp;<\/p>\n\n\n\n<p>En cuanto a Instagram las historias tendr\u00e1n un enfoque interactivo que incluya encuestas, \u2018swipe ups\u2019, preguntas y llamados a leer las notas en el sitio. Los art\u00edculos de Inmexico tendr\u00e1n diferentes formatos como entrevistas, top 5, \u2018Trendy Spots\u2019, \u2018On the Road with\u2019 y noticias sobre inauguraciones de restaurantes, hoteles, tiendas y galer\u00edas.&nbsp;<\/p>\n\n\n\n<h3 class=\"wp-block-heading\">Premios<\/h3>\n\n\n\n<p>Lo mejor de InMexico<\/p>\n\n\n\n<p>Cada febrero Inmexico tendr\u00e1 los Premios InMexico, en los cuales premiaremos lo mejor del pa\u00eds. El concurso empieza el 1 de febrero y estar\u00e1 corriendo por 60 d\u00edas. Los ganadores podr\u00e1n hacer uso del t\u00edtulo dentro de su mercadotecnia y recibir\u00e1n oportunidades de publicidad a lo largo del a\u00f1o.<\/p>\n\n\n\n<p class=\"has-text-align-center\">&nbsp;<\/p>\n\n\n\n<h3 class=\"wp-block-heading\">Media kit \/ Informaci\u00f3n sobre publicidad<\/h3>\n\n\n\n<div class=\"wp-block-contact-form-7-contact-form-selector\">\n<div class=\"wpcf7 no-js\" id=\"wpcf7-f3216-o1\" lang=\"es-ES\" dir=\"ltr\" data-wpcf7-id=\"3216\">\n<div class=\"screen-reader-response\"><p role=\"status\" aria-live=\"polite\" aria-atomic=\"true\"><\/p> <ul><\/ul><\/div>\n<form action=\"\/es\/wp-json\/wp\/v2\/pages\/48717#wpcf7-f3216-o1\" method=\"post\" class=\"wpcf7-form init\" aria-label=\"Contact form\" novalidate=\"novalidate\" data-status=\"init\">\n<fieldset class=\"hidden-fields-container\"><input type=\"hidden\" name=\"_wpcf7\" value=\"3216\" \/><input type=\"hidden\" name=\"_wpcf7_version\" value=\"6.1.5\" \/><input type=\"hidden\" name=\"_wpcf7_locale\" value=\"es_ES\" \/><input type=\"hidden\" name=\"_wpcf7_unit_tag\" value=\"wpcf7-f3216-o1\" \/><input type=\"hidden\" name=\"_wpcf7_container_post\" value=\"0\" \/><input type=\"hidden\" name=\"_wpcf7_posted_data_hash\" value=\"\" \/><input type=\"hidden\" name=\"_wpcf7_recaptcha_response\" value=\"\" \/>\n<\/fieldset>\n<p>Nombre (requerido)\n<\/p>\n<p><span class=\"wpcf7-form-control-wrap\" data-name=\"your-name\"><input size=\"40\" maxlength=\"400\" class=\"wpcf7-form-control wpcf7-text wpcf7-validates-as-required\" aria-required=\"true\" aria-invalid=\"false\" value=\"\" type=\"text\" name=\"your-name\" \/><\/span>\n<\/p>\n<p>Correo electr\u00f3nico (requerido)\n<\/p>\n<p><span class=\"wpcf7-form-control-wrap\" data-name=\"your-email\"><input size=\"40\" maxlength=\"400\" class=\"wpcf7-form-control wpcf7-email wpcf7-validates-as-required wpcf7-text wpcf7-validates-as-email\" aria-required=\"true\" aria-invalid=\"false\" value=\"\" type=\"email\" name=\"your-email\" \/><\/span>\n<\/p>\n<p>Asunto\n<\/p>\n<p><span class=\"wpcf7-form-control-wrap\" data-name=\"your-subject\"><input size=\"40\" maxlength=\"400\" class=\"wpcf7-form-control wpcf7-text wpcf7-validates-as-required\" aria-required=\"true\" aria-invalid=\"false\" value=\"\" type=\"text\" name=\"your-subject\" \/><\/span>\n<\/p>\n<p>Mensaje\n<\/p>\n<p><span class=\"wpcf7-form-control-wrap\" data-name=\"your-message\"><textarea cols=\"40\" rows=\"10\" maxlength=\"2000\" class=\"wpcf7-form-control wpcf7-textarea\" aria-invalid=\"false\" name=\"your-message\"><\/textarea><\/span>\n<\/p>\n<p><input class=\"wpcf7-form-control wpcf7-submit has-spinner\" type=\"submit\" value=\"Enviar\" \/>\n<\/p>\n\n<p>This site is protected by reCAPTCHA and the Google<br \/>\n<a href=\"https:\/\/policies.google.com\/privacy\">Privacy Policy<\/a> and<br \/>\n<a href=\"https:\/\/policies.google.com\/terms\">Terms of Service<\/a> apply.\n<\/p><div class=\"wpcf7-response-output\" aria-hidden=\"true\"><\/div>\n<\/form>\n<\/div>\n<\/div>\n","protected":false},"excerpt":{"rendered":"<p>InMexico es la gu\u00eda m\u00e1s confiable y actualizada de lujo, viajes y estilo de vida en M\u00e9xico. Cada mes seleccionamos un destino novedoso y actual en M\u00e9xico para dedicar todo&#8230;<\/p>\n","protected":false},"author":1,"featured_media":0,"parent":0,"menu_order":0,"comment_status":"closed","ping_status":"closed","template":"","meta":{"_acf_changed":false,"_monsterinsights_skip_tracking":false,"_monsterinsights_sitenote_active":false,"_monsterinsights_sitenote_note":"","_monsterinsights_sitenote_category":0,"footnotes":""},"class_list":["post-48717","page","type-page","status-publish","hentry","no-post-thumbnail"],"acf":[],"yoast_head":"<!-- This site is optimized with the Yoast SEO plugin v27.1.1 - https:\/\/yoast.com\/product\/yoast-seo-wordpress\/ -->\n<title>Publicidad - InMexico<\/title>\n<meta name=\"robots\" content=\"index, follow, max-snippet:-1, max-image-preview:large, max-video-preview:-1\" \/>\n<link rel=\"canonical\" href=\"https:\/\/www.inmexico.com\/es\/publicidad\/\" \/>\n<meta property=\"og:locale\" content=\"es_MX\" \/>\n<meta property=\"og:type\" content=\"article\" \/>\n<meta property=\"og:title\" content=\"Publicidad - InMexico\" \/>\n<meta property=\"og:description\" content=\"InMexico es la gu\u00eda m\u00e1s confiable y actualizada de lujo, viajes y estilo de vida en M\u00e9xico. Cada mes seleccionamos un destino novedoso y actual en M\u00e9xico para dedicar todo...\" \/>\n<meta property=\"og:url\" content=\"https:\/\/www.inmexico.com\/es\/publicidad\/\" \/>\n<meta property=\"og:site_name\" content=\"InMexico\" \/>\n<meta property=\"article:publisher\" content=\"http:\/\/www.facebook.com\/inmexicocom\" \/>\n<meta property=\"article:modified_time\" content=\"2022-09-22T17:51:22+00:00\" \/>\n<meta property=\"og:image\" content=\"https:\/\/www.inmexico.com\/wp-content\/uploads\/2021\/11\/inmexico2022-1-1024x298.jpg\" \/>\n<meta name=\"twitter:card\" content=\"summary_large_image\" \/>\n<meta name=\"twitter:site\" content=\"@inmexicocom\" \/>\n<meta name=\"twitter:label1\" content=\"Est. reading time\" \/>\n\t<meta name=\"twitter:data1\" content=\"2 minutes\" \/>\n<script type=\"application\/ld+json\" class=\"yoast-schema-graph\">{\"@context\":\"https:\/\/schema.org\",\"@graph\":[{\"@type\":\"WebPage\",\"@id\":\"https:\/\/www.inmexico.com\/es\/publicidad\/\",\"url\":\"https:\/\/www.inmexico.com\/es\/publicidad\/\",\"name\":\"Publicidad - InMexico\",\"isPartOf\":{\"@id\":\"https:\/\/www.inmexico.com\/#website\"},\"primaryImageOfPage\":{\"@id\":\"https:\/\/www.inmexico.com\/es\/publicidad\/#primaryimage\"},\"image\":{\"@id\":\"https:\/\/www.inmexico.com\/es\/publicidad\/#primaryimage\"},\"thumbnailUrl\":\"https:\/\/www.inmexico.com\/wp-content\/uploads\/2021\/11\/inmexico2022-1-1024x298.jpg\",\"datePublished\":\"2021-11-30T00:16:52+00:00\",\"dateModified\":\"2022-09-22T17:51:22+00:00\",\"breadcrumb\":{\"@id\":\"https:\/\/www.inmexico.com\/es\/publicidad\/#breadcrumb\"},\"inLanguage\":\"es-MX\",\"potentialAction\":[{\"@type\":\"ReadAction\",\"target\":[\"https:\/\/www.inmexico.com\/es\/publicidad\/\"]}]},{\"@type\":\"ImageObject\",\"inLanguage\":\"es-MX\",\"@id\":\"https:\/\/www.inmexico.com\/es\/publicidad\/#primaryimage\",\"url\":\"https:\/\/www.inmexico.com\/wp-content\/uploads\/2021\/11\/inmexico2022-1-1024x298.jpg\",\"contentUrl\":\"https:\/\/www.inmexico.com\/wp-content\/uploads\/2021\/11\/inmexico2022-1-1024x298.jpg\"},{\"@type\":\"BreadcrumbList\",\"@id\":\"https:\/\/www.inmexico.com\/es\/publicidad\/#breadcrumb\",\"itemListElement\":[{\"@type\":\"ListItem\",\"position\":1,\"name\":\"Home\",\"item\":\"https:\/\/www.inmexico.com\/\"},{\"@type\":\"ListItem\",\"position\":2,\"name\":\"Publicidad\"}]},{\"@type\":\"WebSite\",\"@id\":\"https:\/\/www.inmexico.com\/#website\",\"url\":\"https:\/\/www.inmexico.com\/\",\"name\":\"InMexico\",\"description\":\"Luxury Without Limits\",\"potentialAction\":[{\"@type\":\"SearchAction\",\"target\":{\"@type\":\"EntryPoint\",\"urlTemplate\":\"https:\/\/www.inmexico.com\/?s={search_term_string}\"},\"query-input\":{\"@type\":\"PropertyValueSpecification\",\"valueRequired\":true,\"valueName\":\"search_term_string\"}}],\"inLanguage\":\"es-MX\"}]}<\/script>\n<!-- \/ Yoast SEO plugin. -->","yoast_head_json":{"title":"Publicidad - InMexico","robots":{"index":"index","follow":"follow","max-snippet":"max-snippet:-1","max-image-preview":"max-image-preview:large","max-video-preview":"max-video-preview:-1"},"canonical":"https:\/\/www.inmexico.com\/es\/publicidad\/","og_locale":"es_MX","og_type":"article","og_title":"Publicidad - InMexico","og_description":"InMexico es la gu\u00eda m\u00e1s confiable y actualizada de lujo, viajes y estilo de vida en M\u00e9xico. Cada mes seleccionamos un destino novedoso y actual en M\u00e9xico para dedicar todo...","og_url":"https:\/\/www.inmexico.com\/es\/publicidad\/","og_site_name":"InMexico","article_publisher":"http:\/\/www.facebook.com\/inmexicocom","article_modified_time":"2022-09-22T17:51:22+00:00","og_image":[{"url":"https:\/\/www.inmexico.com\/wp-content\/uploads\/2021\/11\/inmexico2022-1-1024x298.jpg","type":"","width":"","height":""}],"twitter_card":"summary_large_image","twitter_site":"@inmexicocom","twitter_misc":{"Est. reading time":"2 minutes"},"schema":{"@context":"https:\/\/schema.org","@graph":[{"@type":"WebPage","@id":"https:\/\/www.inmexico.com\/es\/publicidad\/","url":"https:\/\/www.inmexico.com\/es\/publicidad\/","name":"Publicidad - InMexico","isPartOf":{"@id":"https:\/\/www.inmexico.com\/#website"},"primaryImageOfPage":{"@id":"https:\/\/www.inmexico.com\/es\/publicidad\/#primaryimage"},"image":{"@id":"https:\/\/www.inmexico.com\/es\/publicidad\/#primaryimage"},"thumbnailUrl":"https:\/\/www.inmexico.com\/wp-content\/uploads\/2021\/11\/inmexico2022-1-1024x298.jpg","datePublished":"2021-11-30T00:16:52+00:00","dateModified":"2022-09-22T17:51:22+00:00","breadcrumb":{"@id":"https:\/\/www.inmexico.com\/es\/publicidad\/#breadcrumb"},"inLanguage":"es-MX","potentialAction":[{"@type":"ReadAction","target":["https:\/\/www.inmexico.com\/es\/publicidad\/"]}]},{"@type":"ImageObject","inLanguage":"es-MX","@id":"https:\/\/www.inmexico.com\/es\/publicidad\/#primaryimage","url":"https:\/\/www.inmexico.com\/wp-content\/uploads\/2021\/11\/inmexico2022-1-1024x298.jpg","contentUrl":"https:\/\/www.inmexico.com\/wp-content\/uploads\/2021\/11\/inmexico2022-1-1024x298.jpg"},{"@type":"BreadcrumbList","@id":"https:\/\/www.inmexico.com\/es\/publicidad\/#breadcrumb","itemListElement":[{"@type":"ListItem","position":1,"name":"Home","item":"https:\/\/www.inmexico.com\/"},{"@type":"ListItem","position":2,"name":"Publicidad"}]},{"@type":"WebSite","@id":"https:\/\/www.inmexico.com\/#website","url":"https:\/\/www.inmexico.com\/","name":"InMexico","description":"Luxury Without Limits","potentialAction":[{"@type":"SearchAction","target":{"@type":"EntryPoint","urlTemplate":"https:\/\/www.inmexico.com\/?s={search_term_string}"},"query-input":{"@type":"PropertyValueSpecification","valueRequired":true,"valueName":"search_term_string"}}],"inLanguage":"es-MX"}]}},"_links":{"self":[{"href":"http:\/\/54.148.48.30\/es\/wp-json\/wp\/v2\/pages\/48717","targetHints":{"allow":["GET"]}}],"collection":[{"href":"http:\/\/54.148.48.30\/es\/wp-json\/wp\/v2\/pages"}],"about":[{"href":"http:\/\/54.148.48.30\/es\/wp-json\/wp\/v2\/types\/page"}],"author":[{"embeddable":true,"href":"http:\/\/54.148.48.30\/es\/wp-json\/wp\/v2\/users\/1"}],"replies":[{"embeddable":true,"href":"http:\/\/54.148.48.30\/es\/wp-json\/wp\/v2\/comments?post=48717"}],"version-history":[{"count":3,"href":"http:\/\/54.148.48.30\/es\/wp-json\/wp\/v2\/pages\/48717\/revisions"}],"predecessor-version":[{"id":51055,"href":"http:\/\/54.148.48.30\/es\/wp-json\/wp\/v2\/pages\/48717\/revisions\/51055"}],"wp:attachment":[{"href":"http:\/\/54.148.48.30\/es\/wp-json\/wp\/v2\/media?parent=48717"}],"curies":[{"name":"wp","href":"https:\/\/api.w.org\/{rel}","templated":true}]}}