{"id":3221,"date":"2015-09-09T20:55:06","date_gmt":"2015-09-10T03:55:06","guid":{"rendered":"http:\/\/www.inmexico.com\/?page_id=3221"},"modified":"2015-09-19T20:59:57","modified_gmt":"2015-09-20T03:59:57","slug":"politica-de-privacidad","status":"publish","type":"page","link":"http:\/\/54.148.48.30\/es\/politica-de-privacidad\/","title":{"rendered":"Pol\u00edtica de Privacidad"},"content":{"rendered":"<div class=\"x-main left\">\n<article id=\"post-2739\" class=\"post-2739 page type-page status-publish hentry no-post-thumbnail\">\n<div class=\"entry-wrap\">\n<div class=\"entry-content content\">\n<p>Nos comprometemos a asegurar que la informaci\u00f3n personal que usted comparta con nosotros\u00a0 permanezca segura y confidencial. Para demostrar nuestro compromiso, hemos desarrollado la siguiente pol\u00edtica de privacidad. Si usted tiene cualquier pregunta acerca de esta pol\u00edtica, o acerca del contenido o de las pr\u00e1cticas de nuestra p\u00e1gina web, le recomendamos que se ponga en contacto con nosotros.<\/p>\n<p>Uso y Recolecci\u00f3n de Informaci\u00f3n Personal<\/p>\n<p>Nosotros \u00fanicamente recolectamos informaci\u00f3n personal cuando usted anuncia una propiedad, hace un pedido, solicita un servicio, solicita informaci\u00f3n o completa un cuestionario. El tipo y la cantidad de informaci\u00f3n personal recolectada va a variar de acuerdo al servicio que usted utilice. La manera en que se utiliza esta informaci\u00f3n se explicar\u00e1 mas adelante.<\/p>\n<p>Sin embargo, nosotros podemos revelar su informaci\u00f3n personal si la ley nos lo exige o debido a una reorganizaci\u00f3n corporativa. Aunque nuestra p\u00e1gina web puede contener ligas a otras p\u00e1ginas web, inCABO LLC no se hace responsable por las pol\u00edticas de privacidad o por el contenido de otras p\u00e1ginas web.<\/p>\n<p>Haciendo Pedidos y Subscripciones<\/p>\n<p>Al hacer un pedido se le pedir\u00e1 que proporcione su nombre, direcci\u00f3n de facturaci\u00f3n, n\u00famero de tel\u00e9fono, correo electr\u00f3nico, as\u00ed como el n\u00famero y fecha de expiraci\u00f3n de su tarjeta de cr\u00e9dito. Nosotros \u00fanicamente utilizamos esta informaci\u00f3n para procesar, confirmar, y enviar su pedido. Es posible que tambi\u00e9n le pidamos que proporcione su fecha de nacimiento, n\u00famero de licencia de conducir y nombre del estado en donde \u00e9sta fue emitida, con el prop\u00f3sito de verificar su identidad y completar su orden.<\/p>\n<p>El Uso de Otro Servicio<\/p>\n<p>Cuando usted solicita informaci\u00f3n, env\u00eda comentarios o hace preguntas por medio de e-mail, es posible que nosotros le pidamos que nos proporcione su nombre y correo electr\u00f3nico. Nosotros utilizamos esta informaci\u00f3n \u00fanicamente para responder a sus preguntas, a menos que usted nos pida espec\u00edficamente que lo agreguemos a nuestra lista de distribuci\u00f3n.<\/p>\n<p>Cuando usted se registra en un concurso o en otra promoci\u00f3n por internet, es posible que nosotros le pidamos que nos proporcione su nombre, direcci\u00f3n o correo electr\u00f3nico para poder administrar el concurso y notificar a los ganadores. Adem\u00e1s, como parte de la promoci\u00f3n o el concurso, es posible que le pidamos que complete una encuesta de clientes para aprender m\u00e1s acerca de sus preferencias de compra. inCABO LLC no recolectar\u00e1 su informaci\u00f3n personal a menos que usted espec\u00edficamente y con conocimiento nos proporcione dicha informaci\u00f3n.<\/p>\n<p>Si usted solicita ser parte de nuestra lista de correo electr\u00f3nico, es posible que usted reciba comunicaciones por medio de e-mail o correo postal acerca de nuestros productos, servicios, o concursos y promociones que le pudieran interesar. Adem\u00e1s, de vez en cuando, es posible que solicitemos informaci\u00f3n adicional acerca de usted por medio de e-mail o correo postal.<\/p>\n<p>Es posible que usted reciba informaci\u00f3n acerca de nosotros si usted participa en un concurso o promoci\u00f3n de inCABO LLC a\u00fan y cuando usted haya solicitado no ser parte de nuestra lista de distribuci\u00f3n. Si usted no desea recibir o compartir informaci\u00f3n, por favor no participe en estas promociones o concursos.<\/p>\n<p>Exclusi\u00f3n de Garant\u00eda y Responsabilidad<\/p>\n<p>Los usuarios reconocen y aceptan expresamente que el uso del servicio es bajo su propio riesgo. InCABO LLC, sus afiliados y sus respectivos empleados, agentes, proveedores externos de contenido o licencias, no garantizan que el servicio ser\u00e1 continuo o libre de errores: tampoco garantizan los resultados que se puedan obtener como producto del uso del servicio, ni la exactitud, integridad o contenido de cualquier informaci\u00f3n, servicio o mercanc\u00eda que se proporcione a trav\u00e9s de este servicio.<\/p>\n<p>Esta limitaci\u00f3n de la responsabilidad aplica, sin limitaci\u00f3n, a cualquier da\u00f1o o lesi\u00f3n causados por cualquier falta de funcionamiento, error, omisi\u00f3n, interrupci\u00f3n, eliminaci\u00f3n, defecto, retraso en el funcionamiento o transmisi\u00f3n, virus de computadora, fallas de comunicaci\u00f3n, \u00a0hurto o destrucci\u00f3n o acceso desautorizado a, alteraci\u00f3n de, o uso del registro, ya sea para incumplimiento de contrato, comportamiento, negligencia o cualquier otra causa de acci\u00f3n<\/p>\n<p>inCABO LLC no respalda ni se hace responsable de la exactitud o confiabilidad de cualquier opini\u00f3n, consejo o afirmaci\u00f3n en el sitio web.<\/p>\n<p>inCABO LLC no respalda, garantiza, ni avala ning\u00fan producto o servicio ofrecido por terceros mediante este sitio web y no participar\u00e1 ni ser\u00e1 responsable de hacer un seguimiento de ninguna transacci\u00f3n entre el usuario y los proveedores externos de productos o servicios. Como en cualquier compra de un producto o servicio a trav\u00e9s de cualquier medio o entorno, el usuario deber\u00e1 utilizar su mejor juicio y tomar precauciones cuando sea apropiado.<\/p>\n<p>Cada usuario reconoce y acepta que, en ning\u00fan caso, inCABO LLC o cualquiera de sus respectivos empleados o agentes ser\u00e1 responsable por cualquier da\u00f1o directo, indirecto, incidental, especial o consecuencial causado por (i) el uso de cualquier navegador que es propiedad o que es operado por terceros y\/o (ii) la descarga de cualquier software que es propiedad o que es operado por terceros en conexi\u00f3n al servicio. \u00a0Cada usuario debe ser responsable de obtener y mantener su equipo telef\u00f3nico, hardware computacional y otros equipos necesarios para poder acceder y utilizar el servicio, y los usuarios ser\u00e1n responsables de cualquier cargo relacionado con ello.<\/p>\n<p>&nbsp;<\/p>\n<p>&nbsp;<\/p>\n<p>&nbsp;<\/p>\n<\/div>\n<\/div>\n<\/article>\n<\/div>\n","protected":false},"excerpt":{"rendered":"<p>Nos comprometemos a asegurar que la informaci\u00f3n personal que usted comparta con nosotros\u00a0 permanezca segura y confidencial. Para demostrar nuestro compromiso, hemos&#8230;<\/p>\n","protected":false},"author":1,"featured_media":0,"parent":0,"menu_order":0,"comment_status":"closed","ping_status":"closed","template":"template-layout-full-width.php","meta":{"_acf_changed":false,"_monsterinsights_skip_tracking":false,"_monsterinsights_sitenote_active":false,"_monsterinsights_sitenote_note":"","_monsterinsights_sitenote_category":0,"footnotes":""},"class_list":["post-3221","page","type-page","status-publish","hentry","no-post-thumbnail"],"acf":[],"yoast_head":"<!-- This site is optimized with the Yoast SEO plugin v27.1.1 - https:\/\/yoast.com\/product\/yoast-seo-wordpress\/ -->\n<title>Pol\u00edtica de Privacidad - InMexico<\/title>\n<meta name=\"robots\" content=\"index, follow, max-snippet:-1, max-image-preview:large, max-video-preview:-1\" \/>\n<link rel=\"canonical\" href=\"https:\/\/www.inmexico.com\/es\/politica-de-privacidad\/\" \/>\n<meta property=\"og:locale\" content=\"es_MX\" \/>\n<meta property=\"og:type\" content=\"article\" \/>\n<meta property=\"og:title\" content=\"Pol\u00edtica de Privacidad - InMexico\" \/>\n<meta property=\"og:description\" content=\"Nos comprometemos a asegurar que la informaci\u00f3n personal que usted comparta con nosotros\u00a0 permanezca segura y confidencial. Para demostrar nuestro compromiso, hemos...\" \/>\n<meta property=\"og:url\" content=\"https:\/\/www.inmexico.com\/es\/politica-de-privacidad\/\" \/>\n<meta property=\"og:site_name\" content=\"InMexico\" \/>\n<meta property=\"article:publisher\" content=\"http:\/\/www.facebook.com\/inmexicocom\" \/>\n<meta property=\"article:modified_time\" content=\"2015-09-20T03:59:57+00:00\" \/>\n<meta name=\"twitter:card\" content=\"summary_large_image\" \/>\n<meta name=\"twitter:site\" content=\"@inmexicocom\" \/>\n<meta name=\"twitter:label1\" content=\"Est. reading time\" \/>\n\t<meta name=\"twitter:data1\" content=\"5 minutes\" \/>\n<script type=\"application\/ld+json\" class=\"yoast-schema-graph\">{\"@context\":\"https:\/\/schema.org\",\"@graph\":[{\"@type\":\"WebPage\",\"@id\":\"https:\/\/www.inmexico.com\/es\/politica-de-privacidad\/\",\"url\":\"https:\/\/www.inmexico.com\/es\/politica-de-privacidad\/\",\"name\":\"Pol\u00edtica de Privacidad - InMexico\",\"isPartOf\":{\"@id\":\"https:\/\/www.inmexico.com\/#website\"},\"datePublished\":\"2015-09-10T03:55:06+00:00\",\"dateModified\":\"2015-09-20T03:59:57+00:00\",\"breadcrumb\":{\"@id\":\"https:\/\/www.inmexico.com\/es\/politica-de-privacidad\/#breadcrumb\"},\"inLanguage\":\"es-MX\",\"potentialAction\":[{\"@type\":\"ReadAction\",\"target\":[\"https:\/\/www.inmexico.com\/es\/politica-de-privacidad\/\"]}]},{\"@type\":\"BreadcrumbList\",\"@id\":\"https:\/\/www.inmexico.com\/es\/politica-de-privacidad\/#breadcrumb\",\"itemListElement\":[{\"@type\":\"ListItem\",\"position\":1,\"name\":\"Home\",\"item\":\"https:\/\/www.inmexico.com\/\"},{\"@type\":\"ListItem\",\"position\":2,\"name\":\"Pol\u00edtica de Privacidad\"}]},{\"@type\":\"WebSite\",\"@id\":\"https:\/\/www.inmexico.com\/#website\",\"url\":\"https:\/\/www.inmexico.com\/\",\"name\":\"InMexico\",\"description\":\"Luxury Without Limits\",\"potentialAction\":[{\"@type\":\"SearchAction\",\"target\":{\"@type\":\"EntryPoint\",\"urlTemplate\":\"https:\/\/www.inmexico.com\/?s={search_term_string}\"},\"query-input\":{\"@type\":\"PropertyValueSpecification\",\"valueRequired\":true,\"valueName\":\"search_term_string\"}}],\"inLanguage\":\"es-MX\"}]}<\/script>\n<!-- \/ Yoast SEO plugin. -->","yoast_head_json":{"title":"Pol\u00edtica de Privacidad - InMexico","robots":{"index":"index","follow":"follow","max-snippet":"max-snippet:-1","max-image-preview":"max-image-preview:large","max-video-preview":"max-video-preview:-1"},"canonical":"https:\/\/www.inmexico.com\/es\/politica-de-privacidad\/","og_locale":"es_MX","og_type":"article","og_title":"Pol\u00edtica de Privacidad - InMexico","og_description":"Nos comprometemos a asegurar que la informaci\u00f3n personal que usted comparta con nosotros\u00a0 permanezca segura y confidencial. Para demostrar nuestro compromiso, hemos...","og_url":"https:\/\/www.inmexico.com\/es\/politica-de-privacidad\/","og_site_name":"InMexico","article_publisher":"http:\/\/www.facebook.com\/inmexicocom","article_modified_time":"2015-09-20T03:59:57+00:00","twitter_card":"summary_large_image","twitter_site":"@inmexicocom","twitter_misc":{"Est. reading time":"5 minutes"},"schema":{"@context":"https:\/\/schema.org","@graph":[{"@type":"WebPage","@id":"https:\/\/www.inmexico.com\/es\/politica-de-privacidad\/","url":"https:\/\/www.inmexico.com\/es\/politica-de-privacidad\/","name":"Pol\u00edtica de Privacidad - InMexico","isPartOf":{"@id":"https:\/\/www.inmexico.com\/#website"},"datePublished":"2015-09-10T03:55:06+00:00","dateModified":"2015-09-20T03:59:57+00:00","breadcrumb":{"@id":"https:\/\/www.inmexico.com\/es\/politica-de-privacidad\/#breadcrumb"},"inLanguage":"es-MX","potentialAction":[{"@type":"ReadAction","target":["https:\/\/www.inmexico.com\/es\/politica-de-privacidad\/"]}]},{"@type":"BreadcrumbList","@id":"https:\/\/www.inmexico.com\/es\/politica-de-privacidad\/#breadcrumb","itemListElement":[{"@type":"ListItem","position":1,"name":"Home","item":"https:\/\/www.inmexico.com\/"},{"@type":"ListItem","position":2,"name":"Pol\u00edtica de Privacidad"}]},{"@type":"WebSite","@id":"https:\/\/www.inmexico.com\/#website","url":"https:\/\/www.inmexico.com\/","name":"InMexico","description":"Luxury Without Limits","potentialAction":[{"@type":"SearchAction","target":{"@type":"EntryPoint","urlTemplate":"https:\/\/www.inmexico.com\/?s={search_term_string}"},"query-input":{"@type":"PropertyValueSpecification","valueRequired":true,"valueName":"search_term_string"}}],"inLanguage":"es-MX"}]}},"_links":{"self":[{"href":"http:\/\/54.148.48.30\/es\/wp-json\/wp\/v2\/pages\/3221","targetHints":{"allow":["GET"]}}],"collection":[{"href":"http:\/\/54.148.48.30\/es\/wp-json\/wp\/v2\/pages"}],"about":[{"href":"http:\/\/54.148.48.30\/es\/wp-json\/wp\/v2\/types\/page"}],"author":[{"embeddable":true,"href":"http:\/\/54.148.48.30\/es\/wp-json\/wp\/v2\/users\/1"}],"replies":[{"embeddable":true,"href":"http:\/\/54.148.48.30\/es\/wp-json\/wp\/v2\/comments?post=3221"}],"version-history":[{"count":3,"href":"http:\/\/54.148.48.30\/es\/wp-json\/wp\/v2\/pages\/3221\/revisions"}],"predecessor-version":[{"id":3599,"href":"http:\/\/54.148.48.30\/es\/wp-json\/wp\/v2\/pages\/3221\/revisions\/3599"}],"wp:attachment":[{"href":"http:\/\/54.148.48.30\/es\/wp-json\/wp\/v2\/media?parent=3221"}],"curies":[{"name":"wp","href":"https:\/\/api.w.org\/{rel}","templated":true}]}}